{"id":241,"date":"2025-12-23T05:53:58","date_gmt":"2025-12-23T05:53:58","guid":{"rendered":"https:\/\/gqs.vn\/?post_type=product&#038;p=241"},"modified":"2025-12-23T05:54:39","modified_gmt":"2025-12-23T05:54:39","slug":"dong-phuc-bao-ho-lao-dong-sl-4533","status":"publish","type":"product","link":"https:\/\/gqs.vn\/index.php\/dong-phuc-bao-ho-lao-dong-sl-4533\/","title":{"rendered":"\u0110\u1ed2NG PH\u1ee4C B\u1ea2O H\u1ed8 LAO \u0110\u1ed8NG SL &#8211; 4533"},"content":{"rendered":"<div id=\"ez-toc-container\" class=\"ez-toc-v2_0_79_2 counter-hierarchy ez-toc-counter ez-toc-grey ez-toc-container-direction\">\n<div class=\"ez-toc-title-container\">\n<p class=\"ez-toc-title\" style=\"cursor:inherit\">N\u1ed9i Dung<\/p>\n<span class=\"ez-toc-title-toggle\"><a href=\"#\" class=\"ez-toc-pull-right ez-toc-btn ez-toc-btn-xs ez-toc-btn-default ez-toc-toggle\" aria-label=\"Toggle Table of Content\"><span class=\"ez-toc-js-icon-con\"><span class=\"\"><span class=\"eztoc-hide\" style=\"display:none;\">Toggle<\/span><span class=\"ez-toc-icon-toggle-span\"><svg style=\"fill: #999;color:#999\" xmlns=\"http:\/\/www.w3.org\/2000\/svg\" class=\"list-377408\" width=\"20px\" height=\"20px\" viewBox=\"0 0 24 24\" fill=\"none\"><path d=\"M6 6H4v2h2V6zm14 0H8v2h12V6zM4 11h2v2H4v-2zm16 0H8v2h12v-2zM4 16h2v2H4v-2zm16 0H8v2h12v-2z\" fill=\"currentColor\"><\/path><\/svg><svg style=\"fill: #999;color:#999\" class=\"arrow-unsorted-368013\" xmlns=\"http:\/\/www.w3.org\/2000\/svg\" width=\"10px\" height=\"10px\" viewBox=\"0 0 24 24\" version=\"1.2\" baseProfile=\"tiny\"><path d=\"M18.2 9.3l-6.2-6.3-6.2 6.3c-.2.2-.3.4-.3.7s.1.5.3.7c.2.2.4.3.7.3h11c.3 0 .5-.1.7-.3.2-.2.3-.5.3-.7s-.1-.5-.3-.7zM5.8 14.7l6.2 6.3 6.2-6.3c.2-.2.3-.5.3-.7s-.1-.5-.3-.7c-.2-.2-.4-.3-.7-.3h-11c-.3 0-.5.1-.7.3-.2.2-.3.5-.3.7s.1.5.3.7z\"\/><\/svg><\/span><\/span><\/span><\/a><\/span><\/div>\n<nav><ul class='ez-toc-list ez-toc-list-level-1 ' ><li class='ez-toc-page-1 ez-toc-heading-level-2'><a class=\"ez-toc-link ez-toc-heading-1\" href=\"https:\/\/gqs.vn\/index.php\/dong-phuc-bao-ho-lao-dong-sl-4533\/#1_TAM_QUAN_TRONG_CUA_DONG_PHUC_BAO_HO_LAO_DONG\" >1. T\u1ea6M QUAN TR\u1eccNG C\u1ee6A \u0110\u1ed2NG PH\u1ee4C B\u1ea2O H\u1ed8 LAO \u0110\u1ed8NG<\/a><\/li><li class='ez-toc-page-1 ez-toc-heading-level-2'><a class=\"ez-toc-link ez-toc-heading-2\" href=\"https:\/\/gqs.vn\/index.php\/dong-phuc-bao-ho-lao-dong-sl-4533\/#2_THONG_TIN_SAN_PHAM_AO_BAO_HO_LAO_DONG_MAU_SAN_PHOI_MAU\" >2. TH\u00d4NG TIN S\u1ea2N PH\u1ea8M: \u00c1O B\u1ea2O H\u1ed8 LAO \u0110\u1ed8NG M\u1eaaU S\u1eb4N PH\u1ed0I M\u00c0U<\/a><\/li><li class='ez-toc-page-1 ez-toc-heading-level-2'><a class=\"ez-toc-link ez-toc-heading-3\" href=\"https:\/\/gqs.vn\/index.php\/dong-phuc-bao-ho-lao-dong-sl-4533\/#3_LIEN_HE_DAT_HANG\" >3. LI\u00caN H\u1ec6 \u0110\u1eb6T H\u00c0NG<\/a><\/li><\/ul><\/nav><\/div>\n<h2><span class=\"ez-toc-section\" id=\"1_TAM_QUAN_TRONG_CUA_DONG_PHUC_BAO_HO_LAO_DONG\"><\/span><strong>1. T\u1ea6M QUAN TR\u1eccNG C\u1ee6A \u0110\u1ed2NG PH\u1ee4C B\u1ea2O H\u1ed8 LAO \u0110\u1ed8NG<\/strong><span class=\"ez-toc-section-end\"><\/span><\/h2>\n<p>\u0110\u1ed3ng ph\u1ee5c b\u1ea3o h\u1ed9 lao \u0111\u1ed9ng l\u00e0 m\u1ed9t ph\u1ea7n kh\u00f4ng th\u1ec3 thi\u1ebfu trong c\u00e1c ng\u00e0nh ngh\u1ec1 c\u1ea7n s\u1ef1 b\u1ea3o v\u1ec7 an to\u00e0n v\u00e0 t\u00ednh chuy\u00ean nghi\u1ec7p. Nh\u1eefng b\u1ed9 \u0111\u1ed3ng ph\u1ee5c n\u00e0y kh\u00f4ng ch\u1ec9 b\u1ea3o v\u1ec7 ng\u01b0\u1eddi lao \u0111\u1ed9ng kh\u1ecfi c\u00e1c nguy c\u01a1 t\u1eeb m\u00f4i tr\u01b0\u1eddng l\u00e0m vi\u1ec7c nh\u01b0 h\u00f3a ch\u1ea5t, nhi\u1ec7t \u0111\u1ed9 cao, ho\u1eb7c va ch\u1ea1m v\u1eadt l\u00fd m\u00e0 c\u00f2n t\u0103ng c\u01b0\u1eddng tinh th\u1ea7n \u0111\u1ed3ng \u0111\u1ed9i, t\u00ednh chuy\u00ean nghi\u1ec7p v\u00e0 h\u00ecnh \u1ea3nh c\u1ee7a doanh nghi\u1ec7p. M\u1ed9t b\u1ed9 \u0111\u1ed3ng ph\u1ee5c b\u1ea3o h\u1ed9 ch\u1ea5t l\u01b0\u1ee3ng cao \u0111\u1ea3m b\u1ea3o s\u1ef1 tho\u1ea3i m\u00e1i v\u00e0 hi\u1ec7u su\u1ea5t c\u00f4ng vi\u1ec7c t\u1ed1t h\u01a1n cho ng\u01b0\u1eddi lao \u0111\u1ed9ng.<\/p>\n<p>&nbsp;<\/p>\n<h2><span class=\"ez-toc-section\" id=\"2_THONG_TIN_SAN_PHAM_AO_BAO_HO_LAO_DONG_MAU_SAN_PHOI_MAU\"><\/span><strong>2. TH\u00d4NG TIN S\u1ea2N PH\u1ea8M: \u00c1O B\u1ea2O H\u1ed8 LAO \u0110\u1ed8NG M\u1eaaU S\u1eb4N PH\u1ed0I M\u00c0U<\/strong><span class=\"ez-toc-section-end\"><\/span><\/h2>\n<p>&nbsp;<\/p>\n<div>\n<figure class=\"caption\"><img loading=\"lazy\" decoding=\"async\" src=\"http:\/\/safetypro.com.vn\/upload\/images\/SL_4533.jpg\" alt=\"ao-bao-ho-sl-4533\" width=\"1600\" height=\"858\" \/><figcaption>\u00e1o b\u1ea3o h\u1ed9 m\u00e3 sl-4533<\/figcaption><\/figure>\n<\/div>\n<p><strong>M\u00e0u s\u1eafc:<\/strong><\/p>\n<p>\u2013 Xanh \u0111en ph\u1ed1i \u0111\u1ecf, t\u1ea1o c\u1ea3m gi\u00e1c n\u1ed5i b\u1eadt, hi\u1ec7n \u0111\u1ea1i v\u00e0 d\u1ec5 nh\u1eadn di\u1ec7n.<br \/>\n<strong>Ch\u1ea5t li\u1ec7u:<\/strong><\/p>\n<p>\u2013\u00a0V\u1ea3i Kaki s\u1edb l\u1edbn, m\u1ec1m m\u00e1t, c\u00f3 kh\u1ea3 n\u0103ng th\u1ea5m h\u00fat m\u1ed3 h\u00f4i hi\u1ec7u qu\u1ea3, mang l\u1ea1i s\u1ef1 tho\u1ea3i m\u00e1i ngay c\u1ea3 khi l\u00e0m vi\u1ec7c trong th\u1eddi gian d\u00e0i.<br \/>\n<strong>Thi\u1ebft k\u1ebf:<\/strong><\/p>\n<p>\u2013\u00a0Ki\u1ec3u d\u00e1ng r\u1ed9ng r\u00e3i, ti\u1ec7n d\u1ee5ng v\u1edbi hai t\u00fai ng\u1ef1c gi\u00fap t\u0103ng c\u01b0\u1eddng t\u00ednh th\u1ef1c t\u1ebf.<br \/>\n\u2013\u00a0Ph\u1ea3n quang 2 m\u1eb7t h\u1ed7 tr\u1ee3 nh\u1eadn di\u1ec7n t\u1ed1t h\u01a1n trong m\u00f4i tr\u01b0\u1eddng thi\u1ebfu s\u00e1ng ho\u1eb7c ban \u0111\u00eam.<br \/>\n\u2013\u00a0C\u00f3 thun hai b\u00ean h\u00f4ng, \u0111\u1ea3m b\u1ea3o linh ho\u1ea1t v\u00e0 tho\u1ea3i m\u00e1i trong c\u00e1c ho\u1ea1t \u0111\u1ed9ng v\u1eadn \u0111\u1ed9ng.<br \/>\n<strong>\u0110\u01b0\u1eddng may:<\/strong><\/p>\n<p>\u2013\u00a0Ch\u1eafc ch\u1eafn, chu\u1ea9n ch\u1ec9nh t\u1eebng \u0111\u01b0\u1eddng kim m\u0169i ch\u1ec9, \u0111\u1ea3m b\u1ea3o \u0111\u1ed9 b\u1ec1n cao v\u00e0 gi\u1eef \u0111\u01b0\u1ee3c t\u00ednh th\u1ea9m m\u1ef9 trong qu\u00e1 tr\u00ecnh s\u1eed d\u1ee5ng.<br \/>\n<strong>K\u00edch c\u1ee1 (Size):<\/strong><\/p>\n<p>\u2013\u00a0\u0110a d\u1ea1ng c\u00e1c size t\u1eeb S, M, L, XL \u0111\u1ebfn XXL, \u0111\u00e1p \u1ee9ng nhu c\u1ea7u cho m\u1ecdi \u0111\u1ed1i t\u01b0\u1ee3ng lao \u0111\u1ed9ng.<br \/>\n<strong>Nh\u00e0 s\u1ea3n xu\u1ea5t:<\/strong><\/p>\n<p>\u2013\u00a0X\u01b0\u1edfng may \u0111\u1ed3ng ph\u1ee5c Gia Quy \u2013 \u0110\u01a1n v\u1ecb h\u00e0ng \u0111\u1ea7u trong l\u0129nh v\u1ef1c s\u1ea3n xu\u1ea5t \u0111\u1ed3ng ph\u1ee5c b\u1ea3o h\u1ed9 lao \u0111\u1ed9ng ch\u1ea5t l\u01b0\u1ee3ng cao, \u0111\u01b0\u1ee3c nhi\u1ec1u doanh nghi\u1ec7p tin t\u01b0\u1edfng.<\/p>\n<h2><span class=\"ez-toc-section\" id=\"3_LIEN_HE_DAT_HANG\"><\/span><strong>3. LI\u00caN H\u1ec6 \u0110\u1eb6T H\u00c0NG<\/strong><span class=\"ez-toc-section-end\"><\/span><\/h2>\n<p>\u2013\u00a0<strong>Hotline:\u00a0<\/strong>0785 355 668<\/p>\n<p>\u2013\u00a0\u0110\u1ed3ng ph\u1ee5c Gia Quy lu\u00f4n cam k\u1ebft mang \u0111\u1ebfn nh\u1eefng s\u1ea3n ph\u1ea9m an to\u00e0n, b\u1ec1n b\u1ec9 v\u00e0 tho\u1ea3i m\u00e1i nh\u1ea5t, gi\u00fap b\u1ea3o v\u1ec7 ng\u01b0\u1eddi lao \u0111\u1ed9ng v\u00e0 n\u00e2ng cao h\u00ecnh \u1ea3nh doanh nghi\u1ec7p c\u1ee7a b\u1ea1n!<\/p>\n\n\n<div class=\"kk-star-ratings kksr-auto kksr-align-right kksr-valign-bottom\"\n    data-payload='{&quot;align&quot;:&quot;right&quot;,&quot;id&quot;:&quot;241&quot;,&quot;slug&quot;:&quot;default&quot;,&quot;valign&quot;:&quot;bottom&quot;,&quot;ignore&quot;:&quot;&quot;,&quot;reference&quot;:&quot;auto&quot;,&quot;class&quot;:&quot;&quot;,&quot;count&quot;:&quot;0&quot;,&quot;legendonly&quot;:&quot;&quot;,&quot;readonly&quot;:&quot;&quot;,&quot;score&quot;:&quot;0&quot;,&quot;starsonly&quot;:&quot;&quot;,&quot;best&quot;:&quot;5&quot;,&quot;gap&quot;:&quot;5&quot;,&quot;greet&quot;:&quot;\u0110\u00e1nh gi\u00e1&quot;,&quot;legend&quot;:&quot;0\\\/5 - (0 b\u00ecnh ch\u1ecdn)&quot;,&quot;size&quot;:&quot;24&quot;,&quot;title&quot;:&quot;\u0110\u1ed2NG PH\u1ee4C B\u1ea2O H\u1ed8 LAO \u0110\u1ed8NG SL - 4533&quot;,&quot;width&quot;:&quot;0&quot;,&quot;_legend&quot;:&quot;{score}\\\/{best} - ({count} {votes})&quot;,&quot;font_factor&quot;:&quot;1.25&quot;}'>\n            \n<div class=\"kksr-stars\">\n    \n<div class=\"kksr-stars-inactive\">\n            <div class=\"kksr-star\" data-star=\"1\" style=\"padding-right: 5px\">\n            \n\n<div class=\"kksr-icon\" style=\"width: 24px; height: 24px;\"><\/div>\n        <\/div>\n            <div class=\"kksr-star\" data-star=\"2\" style=\"padding-right: 5px\">\n            \n\n<div class=\"kksr-icon\" style=\"width: 24px; height: 24px;\"><\/div>\n        <\/div>\n            <div class=\"kksr-star\" data-star=\"3\" style=\"padding-right: 5px\">\n            \n\n<div class=\"kksr-icon\" style=\"width: 24px; height: 24px;\"><\/div>\n        <\/div>\n            <div class=\"kksr-star\" data-star=\"4\" style=\"padding-right: 5px\">\n            \n\n<div class=\"kksr-icon\" style=\"width: 24px; height: 24px;\"><\/div>\n        <\/div>\n            <div class=\"kksr-star\" data-star=\"5\" style=\"padding-right: 5px\">\n            \n\n<div class=\"kksr-icon\" style=\"width: 24px; height: 24px;\"><\/div>\n        <\/div>\n    <\/div>\n    \n<div class=\"kksr-stars-active\" style=\"width: 0px;\">\n            <div class=\"kksr-star\" style=\"padding-right: 5px\">\n            \n\n<div class=\"kksr-icon\" style=\"width: 24px; height: 24px;\"><\/div>\n        <\/div>\n            <div class=\"kksr-star\" style=\"padding-right: 5px\">\n            \n\n<div class=\"kksr-icon\" style=\"width: 24px; height: 24px;\"><\/div>\n        <\/div>\n            <div class=\"kksr-star\" style=\"padding-right: 5px\">\n            \n\n<div class=\"kksr-icon\" style=\"width: 24px; height: 24px;\"><\/div>\n        <\/div>\n            <div class=\"kksr-star\" style=\"padding-right: 5px\">\n            \n\n<div class=\"kksr-icon\" style=\"width: 24px; height: 24px;\"><\/div>\n        <\/div>\n            <div class=\"kksr-star\" style=\"padding-right: 5px\">\n            \n\n<div class=\"kksr-icon\" style=\"width: 24px; height: 24px;\"><\/div>\n        <\/div>\n    <\/div>\n<\/div>\n                \n\n<div class=\"kksr-legend\" style=\"font-size: 19.2px;\">\n            <span class=\"kksr-muted\">\u0110\u00e1nh gi\u00e1<\/span>\n    <\/div>\n    <\/div>\n","protected":false},"excerpt":{"rendered":"<p><strong>\u00c1O B\u1ea2O H\u1ed8 LAO \u0110\u1ed8NG\u00a0M\u1eaaU S\u1eb4N PH\u1ed0I M\u00c0U<\/strong><\/p>\n<p>M\u00e0u s\u1eafc: xanh \u0111en ph\u1ed1i \u0111\u1ecf<\/p>\n<p>Ch\u1ea5t li\u1ec7u: V\u1ea3i\u00a0 Kaki s\u1edb l\u1edbn m\u1ec1m m\u00e1t, th\u1ea5m h\u00fat m\u1ed3 h\u01a1i gi\u00fap t\u1ea1o c\u1ea3m gi\u00e1c tho\u1ea3i m\u00e1i tuy\u1ec7t \u0111\u1ed1i khi m\u1eb7c.<\/p>\n<p>Thi\u1ebft k\u1ebf: R\u1ed9ng r\u00e3i, ti\u1ec7n d\u1ee5ng.\u00a0\u00c1o b\u1ea3o h\u1ed9\u00a0 \u0111\u01b0\u1ee3c thi\u1ebft k\u1ebf v\u1edbi 2 t\u00fai ng\u1ef1c, ph\u1ea3n quang 2 m\u1eb7t,\u00a0 c\u00f3 thun 2 b\u00ean h\u00f4ng, \u0111\u1ea3m b\u1ea3o thu\u1eadn ti\u1ec7n nh\u1ea5t khi s\u1eed d\u1ee5ng.<\/p>\n<p>\u0110\u01b0\u1eddng may: Ch\u1eafc ch\u1eafn, chu\u1ea9n ch\u1ec9nh t\u1eebng \u0111\u01b0\u1eddng kim m\u0169i ch\u1ec9.<\/p>\n<p>Size: S\/M\/L\/XL\/XXL<\/p>\n<p>S\u1ea3n xu\u1ea5t b\u1edfi: X\u01b0\u1edfng may \u0111\u1ed3ng ph\u1ee5c Gia Quy<\/p>\n<p>Hotline: 0785 355 668<\/p>\n","protected":false},"featured_media":242,"template":"","meta":{"_acf_changed":false},"product_brand":[],"product_cat":[24],"product_tag":[],"class_list":{"0":"post-241","1":"product","2":"type-product","3":"status-publish","4":"has-post-thumbnail","6":"product_cat-dong-phuc","8":"first","9":"instock","10":"shipping-taxable","11":"product-type-simple"},"acf":[],"_links":{"self":[{"href":"https:\/\/gqs.vn\/index.php\/wp-json\/wp\/v2\/product\/241","targetHints":{"allow":["GET"]}}],"collection":[{"href":"https:\/\/gqs.vn\/index.php\/wp-json\/wp\/v2\/product"}],"about":[{"href":"https:\/\/gqs.vn\/index.php\/wp-json\/wp\/v2\/types\/product"}],"wp:featuredmedia":[{"embeddable":true,"href":"https:\/\/gqs.vn\/index.php\/wp-json\/wp\/v2\/media\/242"}],"wp:attachment":[{"href":"https:\/\/gqs.vn\/index.php\/wp-json\/wp\/v2\/media?parent=241"}],"wp:term":[{"taxonomy":"product_brand","embeddable":true,"href":"https:\/\/gqs.vn\/index.php\/wp-json\/wp\/v2\/product_brand?post=241"},{"taxonomy":"product_cat","embeddable":true,"href":"https:\/\/gqs.vn\/index.php\/wp-json\/wp\/v2\/product_cat?post=241"},{"taxonomy":"product_tag","embeddable":true,"href":"https:\/\/gqs.vn\/index.php\/wp-json\/wp\/v2\/product_tag?post=241"}],"curies":[{"name":"wp","href":"https:\/\/api.w.org\/{rel}","templated":true}]}}